{"id":51,"date":"2011-03-28T10:50:04","date_gmt":"2011-03-28T08:50:04","guid":{"rendered":"http:\/\/www.st-maria-jettenhausen.de\/wordpress\/?page_id=51"},"modified":"2021-09-12T13:32:04","modified_gmt":"2021-09-12T11:32:04","slug":"jugendraum","status":"publish","type":"page","link":"https:\/\/www.st-maria-jettenhausen.de\/wordpress\/orga-teams\/jugendraum","title":{"rendered":"Jugendraum"},"content":{"rendered":"<p>Das Fachgebiet Jugendraum ist zust\u00e4ndig f\u00fcr die Gew\u00e4hrleistung der Sauberkeit und Benutzbarkeit des Jugendraumes. Dazu geh\u00f6rt die Durchf\u00fchrung bzw. Veranlassung von Reparaturen, Instandhaltung der Einrichtung, Organisation von mehreren j\u00e4hrlichen Gro\u00df- und Kleinputzen, Erstellung von Kehr- und Putzmonaten der einzelnen Gruppen, Kontrolle der Einhaltung der Raumordnung, sowie der Einkauf von fehlenden Materialien des Jugendraumes.<\/p>\n<p>Ansprechpartner*innen:<\/p>\n<ul>\n<li>Nico Rieder<\/li>\n<li>Anika Griebel<\/li>\n<li>Yannik Abberger<\/li>\n<\/ul>\n<p>Kontakt: jugendraum@minis-st-maria.de<\/p>\n","protected":false},"excerpt":{"rendered":"<p>Das Fachgebiet Jugendraum ist zust\u00e4ndig f\u00fcr die Gew\u00e4hrleistung der Sauberkeit und Benutzbarkeit des Jugendraumes. Dazu geh\u00f6rt die Durchf\u00fchrung bzw. Veranlassung von Reparaturen, Instandhaltung der Einrichtung, Organisation von mehreren j\u00e4hrlichen Gro\u00df- und Kleinputzen, Erstellung von Kehr- und Putzmonaten der einzelnen Gruppen, Kontrolle der Einhaltung der Raumordnung, sowie der Einkauf von fehlenden Materialien des Jugendraumes. Ansprechpartner*innen: Nico [&hellip;]<\/p>\n","protected":false},"author":6,"featured_media":0,"parent":49,"menu_order":3,"comment_status":"open","ping_status":"open","template":"","meta":{"ngg_post_thumbnail":0,"footnotes":""},"class_list":["post-51","page","type-page","status-publish","hentry"],"_links":{"self":[{"href":"https:\/\/www.st-maria-jettenhausen.de\/wordpress\/wp-json\/wp\/v2\/pages\/51","targetHints":{"allow":["GET"]}}],"collection":[{"href":"https:\/\/www.st-maria-jettenhausen.de\/wordpress\/wp-json\/wp\/v2\/pages"}],"about":[{"href":"https:\/\/www.st-maria-jettenhausen.de\/wordpress\/wp-json\/wp\/v2\/types\/page"}],"author":[{"embeddable":true,"href":"https:\/\/www.st-maria-jettenhausen.de\/wordpress\/wp-json\/wp\/v2\/users\/6"}],"replies":[{"embeddable":true,"href":"https:\/\/www.st-maria-jettenhausen.de\/wordpress\/wp-json\/wp\/v2\/comments?post=51"}],"version-history":[{"count":15,"href":"https:\/\/www.st-maria-jettenhausen.de\/wordpress\/wp-json\/wp\/v2\/pages\/51\/revisions"}],"predecessor-version":[{"id":761,"href":"https:\/\/www.st-maria-jettenhausen.de\/wordpress\/wp-json\/wp\/v2\/pages\/51\/revisions\/761"}],"up":[{"embeddable":true,"href":"https:\/\/www.st-maria-jettenhausen.de\/wordpress\/wp-json\/wp\/v2\/pages\/49"}],"wp:attachment":[{"href":"https:\/\/www.st-maria-jettenhausen.de\/wordpress\/wp-json\/wp\/v2\/media?parent=51"}],"curies":[{"name":"wp","href":"https:\/\/api.w.org\/{rel}","templated":true}]}}